{"id":3275,"date":"2026-03-27T12:27:17","date_gmt":"2026-03-27T12:27:17","guid":{"rendered":"https:\/\/pasiongourmet.com\/?page_id=3275"},"modified":"2026-04-08T13:12:56","modified_gmt":"2026-04-08T13:12:56","slug":"sobre-nosaltres","status":"publish","type":"page","link":"https:\/\/pasiongourmet.com\/ca\/sobre-nosotros\/","title":{"rendered":"Sobre nosaltres"},"content":{"rendered":"<div data-elementor-type=\"wp-page\" data-elementor-id=\"3275\" class=\"elementor elementor-3275\" data-elementor-post-type=\"page\">\n\t\t\t\t<div class=\"elementor-element elementor-element-0d98d24 e-flex e-con-boxed sc_layouts_column_icons_position_left e-con e-parent\" data-id=\"0d98d24\" data-element_type=\"container\" data-e-type=\"container\">\n\t\t\t\t\t<div class=\"e-con-inner\">\n\t\t\t\t<div data-animation-type=\"block\" class=\"elementor-element elementor-element-b4fb71d animation_type_block sc_fly_static elementor-invisible elementor-widget elementor-widget-heading\" data-id=\"b4fb71d\" data-element_type=\"widget\" data-e-type=\"widget\" data-settings=\"{&quot;_animation&quot;:&quot;ta_fadeinup&quot;}\" data-widget_type=\"heading.default\">\n\t\t\t\t\t<h6 class=\"elementor-heading-title elementor-size-default\">Benvinguts,<\/h6>\t\t\t\t<\/div>\n\t\t<div class=\"elementor-element elementor-element-0482a66 e-flex e-con-boxed sc_layouts_column_icons_position_left e-con e-child\" data-id=\"0482a66\" data-element_type=\"container\" data-e-type=\"container\">\n\t\t\t\t\t<div class=\"e-con-inner\">\n\t\t<div class=\"elementor-element elementor-element-d7f450d e-con-full e-flex sc_layouts_column_icons_position_left e-con e-child\" data-id=\"d7f450d\" data-element_type=\"container\" data-e-type=\"container\">\n\t\t\t\t<div data-animation-type=\"block\" class=\"elementor-element elementor-element-52ff0b0 animation_type_block sc_fly_static elementor-invisible elementor-widget elementor-widget-heading\" data-id=\"52ff0b0\" data-element_type=\"widget\" data-e-type=\"widget\" data-settings=\"{&quot;_animation_delay&quot;:50,&quot;_animation&quot;:&quot;ta_fadeinup&quot;}\" data-widget_type=\"heading.default\">\n\t\t\t\t\t<h1 class=\"elementor-heading-title elementor-size-default\">A tots els amants del menjar. <\/h1>\t\t\t\t<\/div>\n\t\t\t\t<\/div>\n\t\t<div class=\"elementor-element elementor-element-4e41ff9 e-con-full e-flex sc_layouts_column_icons_position_left e-con e-child\" data-id=\"4e41ff9\" data-element_type=\"container\" data-e-type=\"container\">\n\t\t\t\t<div data-animation-type=\"block\" class=\"elementor-element elementor-element-507b388 animation_type_block sc_fly_static elementor-invisible elementor-widget elementor-widget-text-editor\" data-id=\"507b388\" data-element_type=\"widget\" data-e-type=\"widget\" data-settings=\"{&quot;_animation_delay&quot;:100,&quot;_animation&quot;:&quot;ta_fadeinup&quot;}\" data-widget_type=\"text-editor.default\">\n\t\t\t\t\t\t\t\t\t<p data-start=\"770\" data-end=\"797\">Tot va comen\u00e7ar amb una passi\u00f3.<\/p><p data-start=\"799\" data-end=\"1019\">Amb quil\u00f2metres recorreguts, taules compartides i converses a cuines on el producte ho \u00e9s tot. Amb productors que veuen el seu ofici com una manera de viure, i amb plats que expliquen hist\u00f2ries que van m\u00e9s enll\u00e0 del gust.<\/p><p data-start=\"1021\" data-end=\"1195\">Durant m\u00e9s de 20 anys, hem tingut l'oportunitat de viure el m\u00f3n de la gastronomia des de dins: aprenent, observant i entenent qu\u00e8 fa que un producte mereixi un lloc a taula.<\/p><p data-start=\"1197\" data-end=\"1299\">Pasi\u00f3n Gourmet va n\u00e9ixer d'aquest viatge. D'un desig de compartir all\u00f2 que realment val la pena.<\/p><p data-start=\"1301\" data-end=\"1371\">Perqu\u00e8 la gastronomia d'alta cuina no comen\u00e7a al plat.<br data-start=\"1345\" data-end=\"1348\" \/>Comen\u00e7a amb l'elecci\u00f3.<\/p>\t\t\t\t\t\t\t\t<\/div>\n\t\t\t\t<\/div>\n\t\t\t\t\t<\/div>\n\t\t\t\t<\/div>\n\t\t\t\t\t<\/div>\n\t\t\t\t<\/div>\n\t\t<div class=\"elementor-element elementor-element-36a4e43 e-flex e-con-boxed sc_layouts_column_icons_position_left e-con e-parent\" data-id=\"36a4e43\" data-element_type=\"container\" data-e-type=\"container\">\n\t\t\t\t\t<div class=\"e-con-inner\">\n\t\t<div class=\"elementor-element elementor-element-705bf7a e-con-full e-flex sc_layouts_column_icons_position_left e-con e-child\" data-id=\"705bf7a\" data-element_type=\"container\" data-e-type=\"container\">\n\t\t\t\t<div data-animation-type=\"line\" data-animation-stagger=\"80\" class=\"elementor-element elementor-element-51ea414 animation_type_line sc_fly_static elementor-invisible elementor-widget elementor-widget-trx_elm_advanced_title\" data-id=\"51ea414\" data-element_type=\"widget\" data-e-type=\"widget\" data-settings=\"{&quot;_animation&quot;:&quot;ta_fadeinup&quot;}\" data-widget_type=\"trx_elm_advanced_title.default\">\n\t\t\t\t<div class=\"elementor-widget-container\">\n\t\t\t\t\t<h1 class=\"trx-addons-advanced-title\" >\n<span class=\"trx-addons-advanced-title-item trx-addons-advanced-title-item-text elementor-repeater-item-f12f233\">M\u00e9s de dues d\u00e8cades a les cuines, <\/span>\n<span class=\"trx-addons-advanced-title-item trx-addons-advanced-title-item-text elementor-repeater-item-8818021\">descobrint un producte<\/span>\n<span class=\"trx-addons-advanced-title-item trx-addons-advanced-title-item-text elementor-repeater-item-8ba7c36\"> i desenvolupant una manera d'entendre la gastronomia<\/span><\/h1>\t\t\t\t<\/div>\n\t\t\t\t<\/div>\n\t\t\t\t<\/div>\n\t\t\t\t\t<\/div>\n\t\t\t\t<\/div>\n\t\t<div class=\"elementor-element elementor-element-c17a0f2 e-grid e-con-boxed sc_layouts_column_icons_position_left e-con e-parent\" data-id=\"c17a0f2\" data-element_type=\"container\" data-e-type=\"container\">\n\t\t\t\t\t<div class=\"e-con-inner\">\n\t\t\t\t<div class=\"elementor-element elementor-element-9d1e03f sc_fly_static elementor-widget elementor-widget-text-editor\" data-id=\"9d1e03f\" data-element_type=\"widget\" data-e-type=\"widget\" data-widget_type=\"text-editor.default\">\n\t\t\t\t\t\t\t\t\t<p data-start=\"1494\" data-end=\"1646\">El nostre viatge pel m\u00f3n de la gastronomia va comen\u00e7ar fa m\u00e9s de dues d\u00e8cades i sempre s'ha centrat en els ingredients, la cuina i l'experi\u00e8ncia gastron\u00f2mica.<\/p><p data-start=\"1648\" data-end=\"1871\">Vam ser la for\u00e7a motriu darrere <em data-start=\"1664\" data-end=\"1682\">Lola sobre rodes<\/em>, un dels primers <strong data-start=\"1704\" data-end=\"1732\">camions de menjar a Tarragona<\/strong>, un projecte pioner que va proposar una manera diferent d'abordar la gastronomia: m\u00e9s accessible, m\u00e9s din\u00e0mica i m\u00e9s estretament connectada amb el client.<\/p><p data-start=\"1873\" data-end=\"2096\">Al llarg dels anys, hem treballat amb productes de primera qualitat, producci\u00f3 artesana i distribuci\u00f3 al sector del c\u00e0tering, desenvolupant una visi\u00f3 arrelada en el discerniment, el respecte per l'origen dels nostres ingredients i la recerca constant de la qualitat.<\/p><p data-start=\"2442\" data-end=\"2617\">Treballem amb productors seleccionats i distribu\u00efm a <strong data-start=\"2501\" data-end=\"2523\">Catalunya i Eivissa<\/strong>, oferint productes adaptats al sector del c\u00e0tering, als establiments de restauraci\u00f3 i als clients gourmet.<\/p><p data-start=\"2619\" data-end=\"2735\">El nostre objectiu \u00e9s clar: <strong>Portar productes de qualitat a aquells que entenen que la difer\u00e8ncia comen\u00e7a amb l'elecci\u00f3.<\/strong><\/p>\t\t\t\t\t\t\t\t<\/div>\n\t\t\t\t<div class=\"elementor-element elementor-element-ae2ca47 sc_fly_static elementor-widget elementor-widget-image\" data-id=\"ae2ca47\" data-element_type=\"widget\" data-e-type=\"widget\" data-widget_type=\"image.default\">\n\t\t\t\t\t\t\t\t\t\t\t\t\t\t\t<img fetchpriority=\"high\" decoding=\"async\" width=\"1024\" height=\"572\" src=\"https:\/\/pasiongourmet.com\/wp-content\/uploads\/2026\/04\/hf_20260408_090219_35bf7538-4840-40dc-809b-bdf137c68ed1-1024x572.png\" class=\"attachment-large size-large wp-image-3754\" alt=\"\" srcset=\"https:\/\/pasiongourmet.com\/wp-content\/uploads\/2026\/04\/hf_20260408_090219_35bf7538-4840-40dc-809b-bdf137c68ed1-1024x572.png 1024w, https:\/\/pasiongourmet.com\/wp-content\/uploads\/2026\/04\/hf_20260408_090219_35bf7538-4840-40dc-809b-bdf137c68ed1-300x167.png 300w, https:\/\/pasiongourmet.com\/wp-content\/uploads\/2026\/04\/hf_20260408_090219_35bf7538-4840-40dc-809b-bdf137c68ed1-768x429.png 768w, https:\/\/pasiongourmet.com\/wp-content\/uploads\/2026\/04\/hf_20260408_090219_35bf7538-4840-40dc-809b-bdf137c68ed1-1536x857.png 1536w, https:\/\/pasiongourmet.com\/wp-content\/uploads\/2026\/04\/hf_20260408_090219_35bf7538-4840-40dc-809b-bdf137c68ed1-2048x1143.png 2048w, https:\/\/pasiongourmet.com\/wp-content\/uploads\/2026\/04\/hf_20260408_090219_35bf7538-4840-40dc-809b-bdf137c68ed1-370x207.png 370w, https:\/\/pasiongourmet.com\/wp-content\/uploads\/2026\/04\/hf_20260408_090219_35bf7538-4840-40dc-809b-bdf137c68ed1-410x229.png 410w, https:\/\/pasiongourmet.com\/wp-content\/uploads\/2026\/04\/hf_20260408_090219_35bf7538-4840-40dc-809b-bdf137c68ed1-924x516.png 924w, https:\/\/pasiongourmet.com\/wp-content\/uploads\/2026\/04\/hf_20260408_090219_35bf7538-4840-40dc-809b-bdf137c68ed1-630x352.png 630w\" sizes=\"(max-width: 1024px) 100vw, 1024px\" \/>\t\t\t\t\t\t\t\t\t\t\t\t\t\t\t<\/div>\n\t\t\t\t\t<\/div>\n\t\t\t\t<\/div>\n\t\t<div class=\"elementor-element elementor-element-ab770c7 e-con-full elementor-hidden-desktop elementor-hidden-tablet elementor-hidden-mobile e-flex sc_layouts_column_icons_position_left e-con e-child\" data-id=\"ab770c7\" data-element_type=\"container\" data-e-type=\"container\">\n\t\t<div class=\"elementor-element elementor-element-16ab26e e-con-full e-flex sc_layouts_column_icons_position_left e-con e-child\" data-id=\"16ab26e\" data-element_type=\"container\" data-e-type=\"container\">\n\t\t\t\t<div class=\"elementor-element elementor-element-95f3ad7 sc_fly_static elementor-widget elementor-widget-image\" data-id=\"95f3ad7\" data-element_type=\"widget\" data-e-type=\"widget\" data-widget_type=\"image.default\">\n\t\t\t\t\t\t\t\t\t\t\t\t\t\t\t<img decoding=\"async\" width=\"2048\" height=\"1365\" src=\"https:\/\/pasiongourmet.com\/wp-content\/uploads\/2026\/03\/559A8062.jpg\" class=\"attachment-full size-full wp-image-3320\" alt=\"\" srcset=\"https:\/\/pasiongourmet.com\/wp-content\/uploads\/2026\/03\/559A8062.jpg 2048w, https:\/\/pasiongourmet.com\/wp-content\/uploads\/2026\/03\/559A8062-300x200.jpg 300w, https:\/\/pasiongourmet.com\/wp-content\/uploads\/2026\/03\/559A8062-1024x683.jpg 1024w, https:\/\/pasiongourmet.com\/wp-content\/uploads\/2026\/03\/559A8062-768x512.jpg 768w, https:\/\/pasiongourmet.com\/wp-content\/uploads\/2026\/03\/559A8062-1536x1024.jpg 1536w, https:\/\/pasiongourmet.com\/wp-content\/uploads\/2026\/03\/559A8062-370x247.jpg 370w, https:\/\/pasiongourmet.com\/wp-content\/uploads\/2026\/03\/559A8062-924x616.jpg 924w, https:\/\/pasiongourmet.com\/wp-content\/uploads\/2026\/03\/559A8062-410x273.jpg 410w, https:\/\/pasiongourmet.com\/wp-content\/uploads\/2026\/03\/559A8062-630x420.jpg 630w\" sizes=\"(max-width: 2048px) 100vw, 2048px\" \/>\t\t\t\t\t\t\t\t\t\t\t\t\t\t\t<\/div>\n\t\t\t\t<\/div>\n\t\t<div class=\"elementor-element elementor-element-be91193 e-con-full e-flex sc_layouts_column_icons_position_left e-con e-child\" data-id=\"be91193\" data-element_type=\"container\" data-e-type=\"container\">\n\t\t\t\t<div class=\"elementor-element elementor-element-0b2f6c8 sc_fly_static elementor-widget elementor-widget-image\" data-id=\"0b2f6c8\" data-element_type=\"widget\" data-e-type=\"widget\" data-widget_type=\"image.default\">\n\t\t\t\t\t\t\t\t\t\t\t\t\t\t\t<img decoding=\"async\" width=\"1024\" height=\"572\" src=\"https:\/\/pasiongourmet.com\/wp-content\/uploads\/2026\/03\/hf_20260309_004414_a8c141f4-e4b6-4a98-980f-390b7f20584d-2-1024x572.jpeg\" class=\"attachment-large size-large wp-image-2698\" alt=\"\" srcset=\"https:\/\/pasiongourmet.com\/wp-content\/uploads\/2026\/03\/hf_20260309_004414_a8c141f4-e4b6-4a98-980f-390b7f20584d-2-1024x572.jpeg 1024w, https:\/\/pasiongourmet.com\/wp-content\/uploads\/2026\/03\/hf_20260309_004414_a8c141f4-e4b6-4a98-980f-390b7f20584d-2-300x167.jpeg 300w, https:\/\/pasiongourmet.com\/wp-content\/uploads\/2026\/03\/hf_20260309_004414_a8c141f4-e4b6-4a98-980f-390b7f20584d-2-768x429.jpeg 768w, https:\/\/pasiongourmet.com\/wp-content\/uploads\/2026\/03\/hf_20260309_004414_a8c141f4-e4b6-4a98-980f-390b7f20584d-2-370x207.jpeg 370w, https:\/\/pasiongourmet.com\/wp-content\/uploads\/2026\/03\/hf_20260309_004414_a8c141f4-e4b6-4a98-980f-390b7f20584d-2-410x229.jpeg 410w, https:\/\/pasiongourmet.com\/wp-content\/uploads\/2026\/03\/hf_20260309_004414_a8c141f4-e4b6-4a98-980f-390b7f20584d-2-924x516.jpeg 924w, https:\/\/pasiongourmet.com\/wp-content\/uploads\/2026\/03\/hf_20260309_004414_a8c141f4-e4b6-4a98-980f-390b7f20584d-2-630x352.jpeg 630w, https:\/\/pasiongourmet.com\/wp-content\/uploads\/2026\/03\/hf_20260309_004414_a8c141f4-e4b6-4a98-980f-390b7f20584d-2.jpeg 1376w\" sizes=\"(max-width: 1024px) 100vw, 1024px\" \/>\t\t\t\t\t\t\t\t\t\t\t\t\t\t\t<\/div>\n\t\t\t\t<\/div>\n\t\t\t\t<\/div>\n\t\t<div class=\"elementor-element elementor-element-0ab17c5 e-flex e-con-boxed sc_layouts_column_icons_position_left e-con e-parent\" data-id=\"0ab17c5\" data-element_type=\"container\" data-e-type=\"container\">\n\t\t\t\t\t<div class=\"e-con-inner\">\n\t\t<div class=\"elementor-element elementor-element-3fcd69c e-con-full e-flex sc_layouts_column_icons_position_left e-con e-child\" data-id=\"3fcd69c\" data-element_type=\"container\" data-e-type=\"container\">\n\t\t<div data-animation-type=\"block\" class=\"elementor-element elementor-element-784c568 e-con-full e-flex sc_layouts_column_icons_position_left animation_type_block elementor-invisible e-con e-child\" data-id=\"784c568\" data-element_type=\"container\" data-e-type=\"container\" data-settings=\"{&quot;animation&quot;:&quot;ta_fadeinup&quot;}\">\n\t\t\t\t<div class=\"elementor-element elementor-element-ca77211 sc_fly_static elementor-widget elementor-widget-heading\" data-id=\"ca77211\" data-element_type=\"widget\" data-e-type=\"widget\" data-widget_type=\"heading.default\">\n\t\t\t\t\t<h6 class=\"elementor-heading-title elementor-size-default\">Promoci\u00f3 de la gastronomia\n<\/h6>\t\t\t\t<\/div>\n\t\t\t\t<div class=\"elementor-element elementor-element-c8e2372 sc_fly_static elementor-widget elementor-widget-heading\" data-id=\"c8e2372\" data-element_type=\"widget\" data-e-type=\"widget\" data-widget_type=\"heading.default\">\n\t\t\t\t\t<h1 class=\"elementor-heading-title elementor-size-default\">La recomanaci\u00f3 tamb\u00e9 forma part dels criteris.\n<\/h1>\t\t\t\t<\/div>\n\t\t\t\t<div class=\"elementor-element elementor-element-56153f7 sc_fly_static elementor-widget elementor-widget-text-editor\" data-id=\"56153f7\" data-element_type=\"widget\" data-e-type=\"widget\" data-widget_type=\"text-editor.default\">\n\t\t\t\t\t\t\t\t\t<p>Al llarg dels anys, hem tingut l'oportunitat de descobrir una gran varietat de restaurants, cuines i projectes culinaris.<\/p><p>Com a perfil p\u00fablic, compartim a Instagram recomanacions de restaurants, productes i experi\u00e8ncies que trobem interessants, sempre guiats pel nostre propi criteri, la nostra experi\u00e8ncia i el respecte pel gran esfor\u00e7 que implica cada projecte.<\/p><p>Promoure la gastronomia forma part del projecte, per\u00f2 l'enfocament principal continua essent la selecci\u00f3 i distribuci\u00f3 de productes.<\/p><p>M\u00e9s de 25.000 persones segueixen aquesta s\u00e8rie, on compartim els nostres descobriments i recomanacions genu\u00efnes.<\/p>\t\t\t\t\t\t\t\t<\/div>\n\t\t\t\t<div class=\"elementor-element elementor-element-09d5b3f trx-addons-icon-list-traditional elementor-list-item-link-inline trx-addons-icon-left sc_fly_static elementor-widget elementor-widget-trx_elm_icon_list\" data-id=\"09d5b3f\" data-element_type=\"widget\" data-e-type=\"widget\" data-widget_type=\"trx_elm_icon_list.default\">\n\t\t\t\t<div class=\"elementor-widget-container\">\n\t\t\t\t\t\t\t<div class=\"trx-addons-list-container\">\n\t\t\t<ul class=\"trx-addons-list-items\">\n\t\t\t\t\t\t\t\t\t\t\t\t\t\t\t\t\t\t\t\t\t<li class=\"trx-addons-icon-list-item trx-addons-icon-list-item-without-link elementor-repeater-item-b666940\">\n\t\t\t\t\t\t\t\t\t\t<span class=\"trx-addons-icon-wrapper\">\n\t\t\t\t\t\t\t\t\t\t<span class=\"trx-addons-icon-list-icon trx-addons-icon\">\n\t\t\t\t\t\t<\/span>\t\t\t<\/span>\n\t\t\t\t\t\t\t\t\t\t<h6 class=\"trx-addons-icon-list-text\">\n\t\t\t\t\t\t\t\tUna veritable comunitat d'amants del menjar\t\t\t\t\t\t\t<\/h6>\n\t\t\t\t\t\t\t\t\t\t\t\t\t<\/li>\n\t\t\t\t\t\t\t\t\t\t\t\t\t\t\t\t\t\t\t\t\t\t\t\t\t\t\t<li class=\"trx-addons-icon-list-item trx-addons-icon-list-item-without-link elementor-repeater-item-9ac966d\">\n\t\t\t\t\t\t\t\t\t\t<span class=\"trx-addons-icon-wrapper\">\n\t\t\t\t\t\t\t\t\t\t<span class=\"trx-addons-icon-list-icon trx-addons-icon\">\n\t\t\t\t\t\t<\/span>\t\t\t<\/span>\n\t\t\t\t\t\t\t\t\t\t<h6 class=\"trx-addons-icon-list-text\">\n\t\t\t\t\t\t\t\tM\u00e9s de 300 restaurants recomanats a tot el m\u00f3n\t\t\t\t\t\t\t<\/h6>\n\t\t\t\t\t\t\t\t\t\t\t\t\t<\/li>\n\t\t\t\t\t\t\t\t\t\t\t\t\t\t\t\t\t\t\t\t\t\t\t\t\t\t\t<li class=\"trx-addons-icon-list-item trx-addons-icon-list-item-without-link elementor-repeater-item-e0f7bb7\">\n\t\t\t\t\t\t\t\t\t\t<span class=\"trx-addons-icon-wrapper\">\n\t\t\t\t\t\t\t\t\t\t<span class=\"trx-addons-icon-list-icon trx-addons-icon\">\n\t\t\t\t\t\t<\/span>\t\t\t<\/span>\n\t\t\t\t\t\t\t\t\t\t<h6 class=\"trx-addons-icon-list-text\">\n\t\t\t\t\t\t\t\t100.000 visites mensuals recurrents.\t\t\t\t\t\t\t<\/h6>\n\t\t\t\t\t\t\t\t\t\t\t\t\t<\/li>\n\t\t\t\t\t\t\t\t\t\t\t\t\t<\/ul>\n\t\t<\/div>\n\t\t\t\t\t\t<\/div>\n\t\t\t\t<\/div>\n\t\t\t\t<div data-animation-type=\"block\" class=\"elementor-element elementor-element-82fa1c0 trx-addons-info-box-right animation_type_block sc_fly_static elementor-invisible elementor-widget elementor-widget-trx_elm_info_box\" data-id=\"82fa1c0\" data-element_type=\"widget\" data-e-type=\"widget\" data-settings=\"{&quot;icon_position&quot;:&quot;right&quot;,&quot;_animation&quot;:&quot;ta_fadeinup&quot;,&quot;_animation_delay&quot;:400}\" data-widget_type=\"trx_elm_info_box.default\">\n\t\t\t\t<div class=\"elementor-widget-container\">\n\t\t\t\t\t\t\t<div class=\"trx-addons-info-box-container\"><a class=\"trx-addons-info-box-container-link\" href=\"https:\/\/pasiongourmet.com\/ca\/contacte\/\"><\/a><div class=\"trx-addons-info-box\">\n\t\t\t\t\t\t\t\t\t<div class=\"trx-addons-info-box-icon-wrap trx-addons-info-box-icon-type-icon\">\t\t<span class=\"trx-addons-info-box-icon trx-addons-icon\">\n\t\t\t<span class=\"trx-addons-info-box-icon-inner\">\n\t\t\t\t<svg aria-hidden=\"true\" class=\"e-font-icon-svg e-fas-angle-right\" viewbox=\"0 0 256 512\" xmlns=\"http:\/\/www.w3.org\/2000\/svg\"><path d=\"M224.3 273l-136 136c-9.4 9.4-24.6 9.4-33.9 0l-22.6-22.6c-9.4-9.4-9.4-24.6 0-33.9l96.4-96.4-96.4-96.4c-9.4-9.4-9.4-24.6 0-33.9L54.3 103c9.4-9.4 24.6-9.4 33.9 0l136 136c9.5 9.4 9.5 24.6.1 34z\"><\/path><\/svg>\t\t\t<\/span>\n\t\t<\/span>\n\t\t<\/div>\n\t\t\t\t\t\t\t\t<div class=\"trx-addons-info-box-content\">\n\t\t\t\t\t<div class=\"trx-addons-info-box-title-wrap\">\n\t\t\t\t\t\t\t\t\t\t\t\t\t<div class=\"trx-addons-info-box-title-container\">\n\t\t\t\t\t\t\t\t<h6 class=\"trx-addons-info-box-title\">M'agradaria que em fessis algunes recomanacions.<\/h6>\n\t\t\t\t\t\t\t<\/div>\n\t\t\t\t\t\t\t\t\t\t\t\t<\/div>\n\n\t\t\t\t\t\n\t\t\t\t\t\t\t\t\t\t\t\t\t\t<\/div>\n\t\t\t<\/div>\n\t\t<\/div>\n\t\t\t\t\t\t<\/div>\n\t\t\t\t<\/div>\n\t\t\t\t<\/div>\n\t\t\t\t<\/div>\n\t\t<div data-animation-type=\"block\" class=\"elementor-element elementor-element-0161ab6 e-con-full e-flex sc_layouts_column_icons_position_left animation_type_block elementor-invisible e-con e-child\" data-id=\"0161ab6\" data-element_type=\"container\" data-e-type=\"container\" data-settings=\"{&quot;background_background&quot;:&quot;classic&quot;,&quot;animation&quot;:&quot;ta_fadeinup&quot;,&quot;animation_delay&quot;:100}\">\n\t\t\t\t<div class=\"elementor-element elementor-element-8bad6ad trx-addons-animate sc_fly_static elementor-widget elementor-widget-trx_elm_advanced_title\" data-id=\"8bad6ad\" data-element_type=\"widget\" data-e-type=\"widget\" data-widget_type=\"trx_elm_advanced_title.default\">\n\t\t\t\t<div class=\"elementor-widget-container\">\n\t\t\t\t\t<h4 class=\"trx-addons-advanced-title\" style=\"--var-trx-addons-advanced-title-highlight-animation-duration: 2000ms;\">\n<span class=\"trx-addons-advanced-title-item trx-addons-advanced-title-item-text elementor-repeater-item-fe895a9\">M\u00e9s<\/span>\n<span class=\"trx-addons-advanced-title-item trx-addons-advanced-title-item-text elementor-repeater-item-b447ec4\">25.000 seguidors<\/span>\n<span class=\"trx-addons-advanced-title-item trx-addons-advanced-title-item-text elementor-repeater-item-012aafe\">usuaris actius i genu\u00efns a la plataforma que busquen recomanacions<\/span><\/h4>\t\t\t\t<\/div>\n\t\t\t\t<\/div>\n\t\t\t\t<\/div>\n\t\t\t\t\t<\/div>\n\t\t\t\t<\/div>\n\t\t<div class=\"elementor-element elementor-element-53e0771 e-flex e-con-boxed sc_layouts_column_icons_position_left e-con e-parent\" data-id=\"53e0771\" data-element_type=\"container\" data-e-type=\"container\">\n\t\t\t\t\t<div class=\"e-con-inner\">\n\t\t<div class=\"elementor-element elementor-element-f273c04 e-con-full e-flex sc_layouts_column_icons_position_left e-con e-child\" data-id=\"f273c04\" data-element_type=\"container\" data-e-type=\"container\">\n\t\t<div class=\"elementor-element elementor-element-574fb36 e-con-full e-flex sc_layouts_column_icons_position_left e-con e-child\" data-id=\"574fb36\" data-element_type=\"container\" data-e-type=\"container\" data-settings=\"{&quot;background_background&quot;:&quot;classic&quot;}\">\n\t\t<div class=\"elementor-element elementor-element-6ccc720 e-con-full e-flex sc_layouts_column_icons_position_left e-con e-child\" data-id=\"6ccc720\" data-element_type=\"container\" data-e-type=\"container\">\n\t\t<div class=\"elementor-element elementor-element-6e25c2b e-con-full e-flex sc_layouts_column_icons_position_left e-con e-child\" data-id=\"6e25c2b\" data-element_type=\"container\" data-e-type=\"container\">\n\t\t\t\t<div data-animation-type=\"block\" class=\"elementor-element elementor-element-b7fc5cd elementor-widget__width-initial animation_type_block sc_fly_static elementor-invisible elementor-widget elementor-widget-heading\" data-id=\"b7fc5cd\" data-element_type=\"widget\" data-e-type=\"widget\" data-settings=\"{&quot;_animation&quot;:&quot;ta_fadeinup&quot;}\" data-widget_type=\"heading.default\">\n\t\t\t\t\t<h1 class=\"elementor-heading-title elementor-size-default\">La gamma que dona vida a la gastronomia d'alta cuina.<\/h1>\t\t\t\t<\/div>\n\t\t\t\t<\/div>\n\t\t<div class=\"elementor-element elementor-element-34208f4 e-con-full e-flex sc_layouts_column_icons_position_left e-con e-child\" data-id=\"34208f4\" data-element_type=\"container\" data-e-type=\"container\">\n\t\t\t\t<div data-animation-type=\"block\" class=\"elementor-element elementor-element-9bdf934 animation_type_block sc_fly_static elementor-invisible elementor-widget elementor-widget-button\" data-id=\"9bdf934\" data-element_type=\"widget\" data-e-type=\"widget\" data-settings=\"{&quot;_animation&quot;:&quot;ta_fadeinup&quot;,&quot;_animation_delay&quot;:100}\" data-widget_type=\"button.default\">\n\t\t\t\t\t\t\t\t\t\t<a class=\"elementor-button elementor-button-link elementor-size-sm\" href=\"https:\/\/pasiongourmet.com\/ca\/contacte\/\">\n\t\t\t\t\t\t<span class=\"elementor-button-content-wrapper\">\n\t\t\t\t\t\t\t\t\t<span class=\"elementor-button-text\">Contacteu-nos<\/span>\n\t\t\t\t\t<\/span>\n\t\t\t\t\t<\/a>\n\t\t\t\t\t\t\t\t<\/div>\n\t\t\t\t<\/div>\n\t\t\t\t<\/div>\n\t\t\t\t<\/div>\n\t\t\t\t<\/div>\n\t\t\t\t\t<\/div>\n\t\t\t\t<\/div>\n\t\t\t\t<\/div>","protected":false},"excerpt":{"rendered":"<p>Bienvenidos, A los amantes de la buena mesa. Todo empez\u00f3 con una pasi\u00f3n.&hellip;<\/p>","protected":false},"author":1,"featured_media":0,"parent":0,"menu_order":0,"comment_status":"closed","ping_status":"closed","template":"","meta":{"_joinchat":[],"footnotes":""},"class_list":["post-3275","page","type-page","status-publish","hentry"],"_links":{"self":[{"href":"https:\/\/pasiongourmet.com\/ca\/wp-json\/wp\/v2\/pages\/3275","targetHints":{"allow":["GET"]}}],"collection":[{"href":"https:\/\/pasiongourmet.com\/ca\/wp-json\/wp\/v2\/pages"}],"about":[{"href":"https:\/\/pasiongourmet.com\/ca\/wp-json\/wp\/v2\/types\/page"}],"author":[{"embeddable":true,"href":"https:\/\/pasiongourmet.com\/ca\/wp-json\/wp\/v2\/users\/1"}],"replies":[{"embeddable":true,"href":"https:\/\/pasiongourmet.com\/ca\/wp-json\/wp\/v2\/comments?post=3275"}],"version-history":[{"count":122,"href":"https:\/\/pasiongourmet.com\/ca\/wp-json\/wp\/v2\/pages\/3275\/revisions"}],"predecessor-version":[{"id":3908,"href":"https:\/\/pasiongourmet.com\/ca\/wp-json\/wp\/v2\/pages\/3275\/revisions\/3908"}],"wp:attachment":[{"href":"https:\/\/pasiongourmet.com\/ca\/wp-json\/wp\/v2\/media?parent=3275"}],"curies":[{"name":"wp","href":"https:\/\/api.w.org\/{rel}","templated":true}]}}